{"id":1030,"date":"2024-07-17T14:24:55","date_gmt":"2024-07-17T12:24:55","guid":{"rendered":"https:\/\/katiamihaylova.fr\/?page_id=1030"},"modified":"2025-09-03T15:57:08","modified_gmt":"2025-09-03T13:57:08","slug":"bulot-de-lumiere","status":"publish","type":"page","link":"https:\/\/katiamihaylova.fr\/index.php\/bulot-de-lumiere\/","title":{"rendered":"BULOT DE LUMIERE"},"content":{"rendered":"<div class=\"wp-block-image\">\n<figure class=\"aligncenter size-large is-resized\"><img loading=\"lazy\" decoding=\"async\" width=\"845\" height=\"1024\" src=\"http:\/\/katiamihaylova.fr\/wp-content\/uploads\/2024\/02\/Plafonnier-terre-gres-lumiere-lampe-interieur-decoration-luminaire-design-dinterieur-architecte-terre-suspente--845x1024.jpg\" alt=\"\" class=\"wp-image-542\" style=\"width:354px\" srcset=\"https:\/\/katiamihaylova.fr\/wp-content\/uploads\/2024\/02\/Plafonnier-terre-gres-lumiere-lampe-interieur-decoration-luminaire-design-dinterieur-architecte-terre-suspente--845x1024.jpg 845w, https:\/\/katiamihaylova.fr\/wp-content\/uploads\/2024\/02\/Plafonnier-terre-gres-lumiere-lampe-interieur-decoration-luminaire-design-dinterieur-architecte-terre-suspente--248x300.jpg 248w, https:\/\/katiamihaylova.fr\/wp-content\/uploads\/2024\/02\/Plafonnier-terre-gres-lumiere-lampe-interieur-decoration-luminaire-design-dinterieur-architecte-terre-suspente--768x931.jpg 768w, https:\/\/katiamihaylova.fr\/wp-content\/uploads\/2024\/02\/Plafonnier-terre-gres-lumiere-lampe-interieur-decoration-luminaire-design-dinterieur-architecte-terre-suspente--1267x1536.jpg 1267w, https:\/\/katiamihaylova.fr\/wp-content\/uploads\/2024\/02\/Plafonnier-terre-gres-lumiere-lampe-interieur-decoration-luminaire-design-dinterieur-architecte-terre-suspente--50x60.jpg 50w, https:\/\/katiamihaylova.fr\/wp-content\/uploads\/2024\/02\/Plafonnier-terre-gres-lumiere-lampe-interieur-decoration-luminaire-design-dinterieur-architecte-terre-suspente-.jpg 1472w\" sizes=\"auto, (max-width: 845px) 100vw, 845px\" \/><figcaption class=\"wp-element-caption\">Plafonnier en gr\u00e8s blanc ou noir <br>Dimensions: diam. entre 18cm et 20cm <br>Articles en stock: gr\u00e8s blanc et gr\u00e8s noir <br>Disponible sur demande<a href=\"https:\/\/katiamihaylova.fr\/index.php\/contact\/\" data-type=\"page\" data-id=\"77\"> ici<\/a><\/figcaption><\/figure>\n<\/div>\n\n\n<figure class=\"wp-block-gallery has-nested-images columns-default is-cropped wp-block-gallery-1 is-layout-flex wp-block-gallery-is-layout-flex\">\n<figure class=\"wp-block-image size-large\"><img loading=\"lazy\" decoding=\"async\" width=\"881\" height=\"1024\" data-id=\"539\" src=\"https:\/\/katiamihaylova.fr\/wp-content\/uploads\/2024\/02\/Plafonnier-terre-gres-lumiere-lampe-interieur-decoration-luminaire-design-dinterieur-architecte--881x1024.jpg\" alt=\"\" class=\"wp-image-539\" srcset=\"https:\/\/katiamihaylova.fr\/wp-content\/uploads\/2024\/02\/Plafonnier-terre-gres-lumiere-lampe-interieur-decoration-luminaire-design-dinterieur-architecte--881x1024.jpg 881w, https:\/\/katiamihaylova.fr\/wp-content\/uploads\/2024\/02\/Plafonnier-terre-gres-lumiere-lampe-interieur-decoration-luminaire-design-dinterieur-architecte--258x300.jpg 258w, https:\/\/katiamihaylova.fr\/wp-content\/uploads\/2024\/02\/Plafonnier-terre-gres-lumiere-lampe-interieur-decoration-luminaire-design-dinterieur-architecte--768x893.jpg 768w, https:\/\/katiamihaylova.fr\/wp-content\/uploads\/2024\/02\/Plafonnier-terre-gres-lumiere-lampe-interieur-decoration-luminaire-design-dinterieur-architecte--1321x1536.jpg 1321w, https:\/\/katiamihaylova.fr\/wp-content\/uploads\/2024\/02\/Plafonnier-terre-gres-lumiere-lampe-interieur-decoration-luminaire-design-dinterieur-architecte--52x60.jpg 52w, https:\/\/katiamihaylova.fr\/wp-content\/uploads\/2024\/02\/Plafonnier-terre-gres-lumiere-lampe-interieur-decoration-luminaire-design-dinterieur-architecte-.jpg 1440w\" sizes=\"auto, (max-width: 881px) 100vw, 881px\" \/><\/figure>\n\n\n\n<figure class=\"wp-block-image size-large\"><img loading=\"lazy\" decoding=\"async\" width=\"880\" height=\"1024\" data-id=\"540\" src=\"https:\/\/katiamihaylova.fr\/wp-content\/uploads\/2024\/02\/Plafonnier-terre-gres-lumiere-lampe-interieur-decoration-luminaire-design-dinterieur-architecte-certifie-CE-terre-blanche-880x1024.jpg\" alt=\"\" class=\"wp-image-540\" srcset=\"https:\/\/katiamihaylova.fr\/wp-content\/uploads\/2024\/02\/Plafonnier-terre-gres-lumiere-lampe-interieur-decoration-luminaire-design-dinterieur-architecte-certifie-CE-terre-blanche-880x1024.jpg 880w, https:\/\/katiamihaylova.fr\/wp-content\/uploads\/2024\/02\/Plafonnier-terre-gres-lumiere-lampe-interieur-decoration-luminaire-design-dinterieur-architecte-certifie-CE-terre-blanche-258x300.jpg 258w, https:\/\/katiamihaylova.fr\/wp-content\/uploads\/2024\/02\/Plafonnier-terre-gres-lumiere-lampe-interieur-decoration-luminaire-design-dinterieur-architecte-certifie-CE-terre-blanche-768x894.jpg 768w, https:\/\/katiamihaylova.fr\/wp-content\/uploads\/2024\/02\/Plafonnier-terre-gres-lumiere-lampe-interieur-decoration-luminaire-design-dinterieur-architecte-certifie-CE-terre-blanche-1320x1536.jpg 1320w, https:\/\/katiamihaylova.fr\/wp-content\/uploads\/2024\/02\/Plafonnier-terre-gres-lumiere-lampe-interieur-decoration-luminaire-design-dinterieur-architecte-certifie-CE-terre-blanche-1760x2048.jpg 1760w, https:\/\/katiamihaylova.fr\/wp-content\/uploads\/2024\/02\/Plafonnier-terre-gres-lumiere-lampe-interieur-decoration-luminaire-design-dinterieur-architecte-certifie-CE-terre-blanche-52x60.jpg 52w\" sizes=\"auto, (max-width: 880px) 100vw, 880px\" \/><\/figure>\n\n\n\n<figure class=\"wp-block-image size-large\"><img loading=\"lazy\" decoding=\"async\" width=\"768\" height=\"1024\" data-id=\"541\" src=\"https:\/\/katiamihaylova.fr\/wp-content\/uploads\/2024\/02\/Plafonnier-terre-gres-lumiere-lampe-interieur-decoration-luminaire-design-dinterieur-architecte-terre-blanc-768x1024.jpg\" alt=\"\" class=\"wp-image-541\" srcset=\"https:\/\/katiamihaylova.fr\/wp-content\/uploads\/2024\/02\/Plafonnier-terre-gres-lumiere-lampe-interieur-decoration-luminaire-design-dinterieur-architecte-terre-blanc-768x1024.jpg 768w, https:\/\/katiamihaylova.fr\/wp-content\/uploads\/2024\/02\/Plafonnier-terre-gres-lumiere-lampe-interieur-decoration-luminaire-design-dinterieur-architecte-terre-blanc-225x300.jpg 225w, https:\/\/katiamihaylova.fr\/wp-content\/uploads\/2024\/02\/Plafonnier-terre-gres-lumiere-lampe-interieur-decoration-luminaire-design-dinterieur-architecte-terre-blanc-1152x1536.jpg 1152w, https:\/\/katiamihaylova.fr\/wp-content\/uploads\/2024\/02\/Plafonnier-terre-gres-lumiere-lampe-interieur-decoration-luminaire-design-dinterieur-architecte-terre-blanc-1536x2048.jpg 1536w, https:\/\/katiamihaylova.fr\/wp-content\/uploads\/2024\/02\/Plafonnier-terre-gres-lumiere-lampe-interieur-decoration-luminaire-design-dinterieur-architecte-terre-blanc-45x60.jpg 45w, https:\/\/katiamihaylova.fr\/wp-content\/uploads\/2024\/02\/Plafonnier-terre-gres-lumiere-lampe-interieur-decoration-luminaire-design-dinterieur-architecte-terre-blanc-scaled.jpg 1920w\" sizes=\"auto, (max-width: 768px) 100vw, 768px\" \/><\/figure>\n<\/figure>\n\n\n\n<figure class=\"wp-block-gallery has-nested-images columns-default is-cropped wp-block-gallery-2 is-layout-flex wp-block-gallery-is-layout-flex\">\n<figure class=\"wp-block-image size-large\"><img loading=\"lazy\" decoding=\"async\" width=\"764\" height=\"1024\" data-id=\"1168\" src=\"http:\/\/katiamihaylova.fr\/wp-content\/uploads\/2024\/08\/4658C820-CBF2-434F-BA98-30B80785660F-e1722493026914-764x1024.jpeg\" alt=\"\" class=\"wp-image-1168\" srcset=\"https:\/\/katiamihaylova.fr\/wp-content\/uploads\/2024\/08\/4658C820-CBF2-434F-BA98-30B80785660F-e1722493026914-764x1024.jpeg 764w, https:\/\/katiamihaylova.fr\/wp-content\/uploads\/2024\/08\/4658C820-CBF2-434F-BA98-30B80785660F-e1722493026914-224x300.jpeg 224w, https:\/\/katiamihaylova.fr\/wp-content\/uploads\/2024\/08\/4658C820-CBF2-434F-BA98-30B80785660F-e1722493026914-768x1029.jpeg 768w, https:\/\/katiamihaylova.fr\/wp-content\/uploads\/2024\/08\/4658C820-CBF2-434F-BA98-30B80785660F-e1722493026914-1146x1536.jpeg 1146w, https:\/\/katiamihaylova.fr\/wp-content\/uploads\/2024\/08\/4658C820-CBF2-434F-BA98-30B80785660F-e1722493026914.jpeg 1394w\" sizes=\"auto, (max-width: 764px) 100vw, 764px\" \/><\/figure>\n\n\n\n<figure class=\"wp-block-image size-large wp-duotone-grayscale\"><img loading=\"lazy\" decoding=\"async\" width=\"766\" height=\"1024\" data-id=\"984\" src=\"https:\/\/katiamihaylova.fr\/wp-content\/uploads\/2024\/07\/3CEFEF00-1BFF-44A1-A663-A3EA1DB5CEEC-1-e1720794303769-766x1024.jpeg\" alt=\"\" class=\"wp-image-984\" srcset=\"https:\/\/katiamihaylova.fr\/wp-content\/uploads\/2024\/07\/3CEFEF00-1BFF-44A1-A663-A3EA1DB5CEEC-1-e1720794303769-766x1024.jpeg 766w, https:\/\/katiamihaylova.fr\/wp-content\/uploads\/2024\/07\/3CEFEF00-1BFF-44A1-A663-A3EA1DB5CEEC-1-e1720794303769-225x300.jpeg 225w, https:\/\/katiamihaylova.fr\/wp-content\/uploads\/2024\/07\/3CEFEF00-1BFF-44A1-A663-A3EA1DB5CEEC-1-e1720794303769-768x1026.jpeg 768w, https:\/\/katiamihaylova.fr\/wp-content\/uploads\/2024\/07\/3CEFEF00-1BFF-44A1-A663-A3EA1DB5CEEC-1-e1720794303769.jpeg 958w\" sizes=\"auto, (max-width: 766px) 100vw, 766px\" \/><\/figure>\n\n\n\n<figure class=\"wp-block-image size-large\"><img loading=\"lazy\" decoding=\"async\" width=\"782\" height=\"1024\" data-id=\"784\" src=\"https:\/\/katiamihaylova.fr\/wp-content\/uploads\/2024\/02\/IMG_E9270-782x1024.jpg\" alt=\"\" class=\"wp-image-784\" srcset=\"https:\/\/katiamihaylova.fr\/wp-content\/uploads\/2024\/02\/IMG_E9270-782x1024.jpg 782w, https:\/\/katiamihaylova.fr\/wp-content\/uploads\/2024\/02\/IMG_E9270-229x300.jpg 229w, https:\/\/katiamihaylova.fr\/wp-content\/uploads\/2024\/02\/IMG_E9270-768x1005.jpg 768w, https:\/\/katiamihaylova.fr\/wp-content\/uploads\/2024\/02\/IMG_E9270-1174x1536.jpg 1174w, https:\/\/katiamihaylova.fr\/wp-content\/uploads\/2024\/02\/IMG_E9270-1565x2048.jpg 1565w, https:\/\/katiamihaylova.fr\/wp-content\/uploads\/2024\/02\/IMG_E9270.jpg 1610w\" sizes=\"auto, (max-width: 782px) 100vw, 782px\" \/><\/figure>\n<\/figure>\n\n\n\n<figure class=\"wp-block-gallery has-nested-images columns-default is-cropped wp-block-gallery-3 is-layout-flex wp-block-gallery-is-layout-flex\">\n<figure class=\"wp-block-image size-large\"><img loading=\"lazy\" decoding=\"async\" width=\"682\" height=\"1024\" data-id=\"1169\" src=\"https:\/\/katiamihaylova.fr\/wp-content\/uploads\/2024\/08\/76D0DAE9-6D19-49F4-A082-4AC4E5746AB2-682x1024.jpeg\" alt=\"\" class=\"wp-image-1169\" srcset=\"https:\/\/katiamihaylova.fr\/wp-content\/uploads\/2024\/08\/76D0DAE9-6D19-49F4-A082-4AC4E5746AB2-682x1024.jpeg 682w, https:\/\/katiamihaylova.fr\/wp-content\/uploads\/2024\/08\/76D0DAE9-6D19-49F4-A082-4AC4E5746AB2-200x300.jpeg 200w, https:\/\/katiamihaylova.fr\/wp-content\/uploads\/2024\/08\/76D0DAE9-6D19-49F4-A082-4AC4E5746AB2-768x1153.jpeg 768w, https:\/\/katiamihaylova.fr\/wp-content\/uploads\/2024\/08\/76D0DAE9-6D19-49F4-A082-4AC4E5746AB2-1023x1536.jpeg 1023w, https:\/\/katiamihaylova.fr\/wp-content\/uploads\/2024\/08\/76D0DAE9-6D19-49F4-A082-4AC4E5746AB2.jpeg 1226w\" sizes=\"auto, (max-width: 682px) 100vw, 682px\" \/><\/figure>\n\n\n\n<figure class=\"wp-block-image size-large\"><img loading=\"lazy\" decoding=\"async\" width=\"1024\" height=\"682\" data-id=\"1170\" src=\"https:\/\/katiamihaylova.fr\/wp-content\/uploads\/2024\/08\/BBEC17AE-B25B-4054-91CD-0D752A4195D4-1024x682.jpeg\" alt=\"\" class=\"wp-image-1170\" srcset=\"https:\/\/katiamihaylova.fr\/wp-content\/uploads\/2024\/08\/BBEC17AE-B25B-4054-91CD-0D752A4195D4-1024x682.jpeg 1024w, https:\/\/katiamihaylova.fr\/wp-content\/uploads\/2024\/08\/BBEC17AE-B25B-4054-91CD-0D752A4195D4-300x200.jpeg 300w, https:\/\/katiamihaylova.fr\/wp-content\/uploads\/2024\/08\/BBEC17AE-B25B-4054-91CD-0D752A4195D4-768x512.jpeg 768w, https:\/\/katiamihaylova.fr\/wp-content\/uploads\/2024\/08\/BBEC17AE-B25B-4054-91CD-0D752A4195D4-1536x1024.jpeg 1536w, https:\/\/katiamihaylova.fr\/wp-content\/uploads\/2024\/08\/BBEC17AE-B25B-4054-91CD-0D752A4195D4-420x280.jpeg 420w, https:\/\/katiamihaylova.fr\/wp-content\/uploads\/2024\/08\/BBEC17AE-B25B-4054-91CD-0D752A4195D4.jpeg 1802w\" sizes=\"auto, (max-width: 1024px) 100vw, 1024px\" \/><\/figure>\n<\/figure>\n\n\n\n<p>Article disponible: Gr\u00e8s noir<\/p>\n\n\n\n<figure class=\"wp-block-gallery has-nested-images columns-default is-cropped wp-block-gallery-4 is-layout-flex wp-block-gallery-is-layout-flex\">\n<figure class=\"wp-block-image size-large\"><img loading=\"lazy\" decoding=\"async\" width=\"768\" height=\"1024\" data-id=\"1231\" src=\"https:\/\/katiamihaylova.fr\/wp-content\/uploads\/2025\/09\/IMG_3610-768x1024.jpg\" alt=\"\" class=\"wp-image-1231\" srcset=\"https:\/\/katiamihaylova.fr\/wp-content\/uploads\/2025\/09\/IMG_3610-768x1024.jpg 768w, https:\/\/katiamihaylova.fr\/wp-content\/uploads\/2025\/09\/IMG_3610-225x300.jpg 225w, https:\/\/katiamihaylova.fr\/wp-content\/uploads\/2025\/09\/IMG_3610-1152x1536.jpg 1152w, https:\/\/katiamihaylova.fr\/wp-content\/uploads\/2025\/09\/IMG_3610-1536x2048.jpg 1536w, https:\/\/katiamihaylova.fr\/wp-content\/uploads\/2025\/09\/IMG_3610-scaled.jpg 1920w\" sizes=\"auto, (max-width: 768px) 100vw, 768px\" \/><\/figure>\n\n\n\n<figure class=\"wp-block-image size-large\"><img loading=\"lazy\" decoding=\"async\" width=\"768\" height=\"1024\" data-id=\"1232\" src=\"https:\/\/katiamihaylova.fr\/wp-content\/uploads\/2025\/09\/IMG_E3611-768x1024.jpg\" alt=\"\" class=\"wp-image-1232\" srcset=\"https:\/\/katiamihaylova.fr\/wp-content\/uploads\/2025\/09\/IMG_E3611-768x1024.jpg 768w, https:\/\/katiamihaylova.fr\/wp-content\/uploads\/2025\/09\/IMG_E3611-225x300.jpg 225w, https:\/\/katiamihaylova.fr\/wp-content\/uploads\/2025\/09\/IMG_E3611-1152x1536.jpg 1152w, https:\/\/katiamihaylova.fr\/wp-content\/uploads\/2025\/09\/IMG_E3611-1536x2048.jpg 1536w, https:\/\/katiamihaylova.fr\/wp-content\/uploads\/2025\/09\/IMG_E3611-scaled.jpg 1920w\" sizes=\"auto, (max-width: 768px) 100vw, 768px\" \/><\/figure>\n\n\n\n<figure class=\"wp-block-image size-large\"><img loading=\"lazy\" decoding=\"async\" width=\"790\" height=\"1024\" data-id=\"1233\" src=\"https:\/\/katiamihaylova.fr\/wp-content\/uploads\/2025\/09\/IMG_E3623-790x1024.jpg\" alt=\"\" class=\"wp-image-1233\" srcset=\"https:\/\/katiamihaylova.fr\/wp-content\/uploads\/2025\/09\/IMG_E3623-790x1024.jpg 790w, https:\/\/katiamihaylova.fr\/wp-content\/uploads\/2025\/09\/IMG_E3623-232x300.jpg 232w, https:\/\/katiamihaylova.fr\/wp-content\/uploads\/2025\/09\/IMG_E3623-768x995.jpg 768w, https:\/\/katiamihaylova.fr\/wp-content\/uploads\/2025\/09\/IMG_E3623-1185x1536.jpg 1185w, https:\/\/katiamihaylova.fr\/wp-content\/uploads\/2025\/09\/IMG_E3623-1581x2048.jpg 1581w, https:\/\/katiamihaylova.fr\/wp-content\/uploads\/2025\/09\/IMG_E3623-scaled.jpg 1976w\" sizes=\"auto, (max-width: 790px) 100vw, 790px\" \/><\/figure>\n<\/figure>\n\n\n\n<p>Article disponible: Gr\u00e8s Blanc <\/p>\n\n\n\n<figure class=\"wp-block-gallery has-nested-images columns-default is-cropped wp-block-gallery-5 is-layout-flex wp-block-gallery-is-layout-flex\">\n<figure class=\"wp-block-image size-large\"><img loading=\"lazy\" decoding=\"async\" width=\"768\" height=\"1024\" data-id=\"1236\" src=\"https:\/\/katiamihaylova.fr\/wp-content\/uploads\/2025\/09\/IMG_E3593-768x1024.jpg\" alt=\"\" class=\"wp-image-1236\" srcset=\"https:\/\/katiamihaylova.fr\/wp-content\/uploads\/2025\/09\/IMG_E3593-768x1024.jpg 768w, https:\/\/katiamihaylova.fr\/wp-content\/uploads\/2025\/09\/IMG_E3593-225x300.jpg 225w, https:\/\/katiamihaylova.fr\/wp-content\/uploads\/2025\/09\/IMG_E3593-1152x1536.jpg 1152w, https:\/\/katiamihaylova.fr\/wp-content\/uploads\/2025\/09\/IMG_E3593-1536x2048.jpg 1536w, https:\/\/katiamihaylova.fr\/wp-content\/uploads\/2025\/09\/IMG_E3593-scaled.jpg 1920w\" sizes=\"auto, (max-width: 768px) 100vw, 768px\" \/><\/figure>\n\n\n\n<figure class=\"wp-block-image size-large\"><img loading=\"lazy\" decoding=\"async\" width=\"768\" height=\"1024\" data-id=\"1235\" src=\"https:\/\/katiamihaylova.fr\/wp-content\/uploads\/2025\/09\/IMG_E3592-768x1024.jpg\" alt=\"\" class=\"wp-image-1235\" srcset=\"https:\/\/katiamihaylova.fr\/wp-content\/uploads\/2025\/09\/IMG_E3592-768x1024.jpg 768w, https:\/\/katiamihaylova.fr\/wp-content\/uploads\/2025\/09\/IMG_E3592-225x300.jpg 225w, https:\/\/katiamihaylova.fr\/wp-content\/uploads\/2025\/09\/IMG_E3592-1152x1536.jpg 1152w, https:\/\/katiamihaylova.fr\/wp-content\/uploads\/2025\/09\/IMG_E3592-1536x2048.jpg 1536w, https:\/\/katiamihaylova.fr\/wp-content\/uploads\/2025\/09\/IMG_E3592-scaled.jpg 1920w\" sizes=\"auto, (max-width: 768px) 100vw, 768px\" \/><\/figure>\n\n\n\n<figure class=\"wp-block-image size-large\"><img loading=\"lazy\" decoding=\"async\" width=\"768\" height=\"1024\" data-id=\"1234\" src=\"https:\/\/katiamihaylova.fr\/wp-content\/uploads\/2025\/09\/IMG_E3590-768x1024.jpg\" alt=\"\" class=\"wp-image-1234\" srcset=\"https:\/\/katiamihaylova.fr\/wp-content\/uploads\/2025\/09\/IMG_E3590-768x1024.jpg 768w, https:\/\/katiamihaylova.fr\/wp-content\/uploads\/2025\/09\/IMG_E3590-225x300.jpg 225w, https:\/\/katiamihaylova.fr\/wp-content\/uploads\/2025\/09\/IMG_E3590-1152x1536.jpg 1152w, https:\/\/katiamihaylova.fr\/wp-content\/uploads\/2025\/09\/IMG_E3590-1536x2048.jpg 1536w, https:\/\/katiamihaylova.fr\/wp-content\/uploads\/2025\/09\/IMG_E3590-scaled.jpg 1920w\" sizes=\"auto, (max-width: 768px) 100vw, 768px\" \/><\/figure>\n<\/figure>\n\n\n\n<p>Certifi\u00e9 CE<\/p>\n","protected":false},"excerpt":{"rendered":"<p>Article disponible: Gr\u00e8s noir Article disponible: Gr\u00e8s Blanc Certifi\u00e9 CE<\/p>\n","protected":false},"author":1,"featured_media":0,"parent":0,"menu_order":0,"comment_status":"closed","ping_status":"closed","template":"","meta":{"footnotes":""},"class_list":["post-1030","page","type-page","status-publish","hentry"],"_links":{"self":[{"href":"https:\/\/katiamihaylova.fr\/index.php\/wp-json\/wp\/v2\/pages\/1030","targetHints":{"allow":["GET"]}}],"collection":[{"href":"https:\/\/katiamihaylova.fr\/index.php\/wp-json\/wp\/v2\/pages"}],"about":[{"href":"https:\/\/katiamihaylova.fr\/index.php\/wp-json\/wp\/v2\/types\/page"}],"author":[{"embeddable":true,"href":"https:\/\/katiamihaylova.fr\/index.php\/wp-json\/wp\/v2\/users\/1"}],"replies":[{"embeddable":true,"href":"https:\/\/katiamihaylova.fr\/index.php\/wp-json\/wp\/v2\/comments?post=1030"}],"version-history":[{"count":12,"href":"https:\/\/katiamihaylova.fr\/index.php\/wp-json\/wp\/v2\/pages\/1030\/revisions"}],"predecessor-version":[{"id":1238,"href":"https:\/\/katiamihaylova.fr\/index.php\/wp-json\/wp\/v2\/pages\/1030\/revisions\/1238"}],"wp:attachment":[{"href":"https:\/\/katiamihaylova.fr\/index.php\/wp-json\/wp\/v2\/media?parent=1030"}],"curies":[{"name":"wp","href":"https:\/\/api.w.org\/{rel}","templated":true}]}}