{"id":1032,"date":"2024-07-17T14:28:02","date_gmt":"2024-07-17T12:28:02","guid":{"rendered":"https:\/\/katiamihaylova.fr\/?page_id=1032"},"modified":"2024-09-18T09:23:55","modified_gmt":"2024-09-18T07:23:55","slug":"tour-de-lumiere","status":"publish","type":"page","link":"https:\/\/katiamihaylova.fr\/index.php\/tour-de-lumiere\/","title":{"rendered":"TOUR DE LUMIERE"},"content":{"rendered":"<div class=\"wp-block-image\">\n<figure class=\"aligncenter size-large is-resized\"><img loading=\"lazy\" decoding=\"async\" width=\"665\" height=\"1024\" src=\"http:\/\/katiamihaylova.fr\/wp-content\/uploads\/2023\/09\/lampe-a-pores-luminaire-terre-noir-665x1024.jpg\" alt=\"\" class=\"wp-image-342\" style=\"width:354px\" srcset=\"https:\/\/katiamihaylova.fr\/wp-content\/uploads\/2023\/09\/lampe-a-pores-luminaire-terre-noir-665x1024.jpg 665w, https:\/\/katiamihaylova.fr\/wp-content\/uploads\/2023\/09\/lampe-a-pores-luminaire-terre-noir-195x300.jpg 195w, https:\/\/katiamihaylova.fr\/wp-content\/uploads\/2023\/09\/lampe-a-pores-luminaire-terre-noir-768x1182.jpg 768w, https:\/\/katiamihaylova.fr\/wp-content\/uploads\/2023\/09\/lampe-a-pores-luminaire-terre-noir-998x1536.jpg 998w, https:\/\/katiamihaylova.fr\/wp-content\/uploads\/2023\/09\/lampe-a-pores-luminaire-terre-noir-1330x2048.jpg 1330w, https:\/\/katiamihaylova.fr\/wp-content\/uploads\/2023\/09\/lampe-a-pores-luminaire-terre-noir-39x60.jpg 39w, https:\/\/katiamihaylova.fr\/wp-content\/uploads\/2023\/09\/lampe-a-pores-luminaire-terre-noir-scaled.jpg 1663w\" sizes=\"auto, (max-width: 665px) 100vw, 665px\" \/><figcaption class=\"wp-element-caption\">Lampe \u00e0 poser &#8211; Gr\u00e8s Noir<br> La texture fait appara\u00eetre les lignes des gestes et les grains de la terre. Cette mati\u00e8re rappelle les origines de l&rsquo;argile\u00a0: les roches.<br>Photographe: <a href=\"https:\/\/www.instagram.com\/carolinezaccariotto\/\" target=\"_blank\" rel=\"noreferrer noopener\">Caroline Zaccariotto<\/a> <br><a href=\"https:\/\/katiamihaylova.fr\/index.php\/contact\/\" data-type=\"page\" data-id=\"77\">Articles en stock<\/a><\/figcaption><\/figure>\n<\/div>\n\n\n<p><\/p>\n\n\n\n<figure class=\"wp-block-gallery has-nested-images columns-default is-cropped wp-block-gallery-1 is-layout-flex wp-block-gallery-is-layout-flex\">\n<figure class=\"wp-block-image size-large\"><img loading=\"lazy\" decoding=\"async\" width=\"1024\" height=\"732\" data-id=\"347\" src=\"https:\/\/katiamihaylova.fr\/wp-content\/uploads\/2023\/09\/lampes-a-poser-certifie-CE-gres-noir-terre-luminaire--1024x732.jpg\" alt=\"\" class=\"wp-image-347\" srcset=\"https:\/\/katiamihaylova.fr\/wp-content\/uploads\/2023\/09\/lampes-a-poser-certifie-CE-gres-noir-terre-luminaire--1024x732.jpg 1024w, https:\/\/katiamihaylova.fr\/wp-content\/uploads\/2023\/09\/lampes-a-poser-certifie-CE-gres-noir-terre-luminaire--300x214.jpg 300w, https:\/\/katiamihaylova.fr\/wp-content\/uploads\/2023\/09\/lampes-a-poser-certifie-CE-gres-noir-terre-luminaire--768x549.jpg 768w, https:\/\/katiamihaylova.fr\/wp-content\/uploads\/2023\/09\/lampes-a-poser-certifie-CE-gres-noir-terre-luminaire--1536x1098.jpg 1536w, https:\/\/katiamihaylova.fr\/wp-content\/uploads\/2023\/09\/lampes-a-poser-certifie-CE-gres-noir-terre-luminaire--2048x1464.jpg 2048w, https:\/\/katiamihaylova.fr\/wp-content\/uploads\/2023\/09\/lampes-a-poser-certifie-CE-gres-noir-terre-luminaire--84x60.jpg 84w\" sizes=\"auto, (max-width: 1024px) 100vw, 1024px\" \/><\/figure>\n\n\n\n<figure class=\"wp-block-image size-large\"><img loading=\"lazy\" decoding=\"async\" width=\"1016\" height=\"1024\" data-id=\"346\" src=\"https:\/\/katiamihaylova.fr\/wp-content\/uploads\/2023\/09\/lampe-a-poser-luminaire-terre-gres-certifie-CE--1016x1024.jpg\" alt=\"\" class=\"wp-image-346\" srcset=\"https:\/\/katiamihaylova.fr\/wp-content\/uploads\/2023\/09\/lampe-a-poser-luminaire-terre-gres-certifie-CE--1016x1024.jpg 1016w, https:\/\/katiamihaylova.fr\/wp-content\/uploads\/2023\/09\/lampe-a-poser-luminaire-terre-gres-certifie-CE--298x300.jpg 298w, https:\/\/katiamihaylova.fr\/wp-content\/uploads\/2023\/09\/lampe-a-poser-luminaire-terre-gres-certifie-CE--150x150.jpg 150w, https:\/\/katiamihaylova.fr\/wp-content\/uploads\/2023\/09\/lampe-a-poser-luminaire-terre-gres-certifie-CE--768x774.jpg 768w, https:\/\/katiamihaylova.fr\/wp-content\/uploads\/2023\/09\/lampe-a-poser-luminaire-terre-gres-certifie-CE--1524x1536.jpg 1524w, https:\/\/katiamihaylova.fr\/wp-content\/uploads\/2023\/09\/lampe-a-poser-luminaire-terre-gres-certifie-CE--2033x2048.jpg 2033w, https:\/\/katiamihaylova.fr\/wp-content\/uploads\/2023\/09\/lampe-a-poser-luminaire-terre-gres-certifie-CE--60x60.jpg 60w\" sizes=\"auto, (max-width: 1016px) 100vw, 1016px\" \/><\/figure>\n\n\n\n<figure class=\"wp-block-image size-large\"><img loading=\"lazy\" decoding=\"async\" width=\"660\" height=\"1024\" data-id=\"344\" src=\"https:\/\/katiamihaylova.fr\/wp-content\/uploads\/2023\/09\/Lampe-a-poser-en-gres-noir-luminaire--660x1024.jpg\" alt=\"\" class=\"wp-image-344\" srcset=\"https:\/\/katiamihaylova.fr\/wp-content\/uploads\/2023\/09\/Lampe-a-poser-en-gres-noir-luminaire--660x1024.jpg 660w, https:\/\/katiamihaylova.fr\/wp-content\/uploads\/2023\/09\/Lampe-a-poser-en-gres-noir-luminaire--193x300.jpg 193w, https:\/\/katiamihaylova.fr\/wp-content\/uploads\/2023\/09\/Lampe-a-poser-en-gres-noir-luminaire--768x1191.jpg 768w, https:\/\/katiamihaylova.fr\/wp-content\/uploads\/2023\/09\/Lampe-a-poser-en-gres-noir-luminaire--991x1536.jpg 991w, https:\/\/katiamihaylova.fr\/wp-content\/uploads\/2023\/09\/Lampe-a-poser-en-gres-noir-luminaire--1321x2048.jpg 1321w, https:\/\/katiamihaylova.fr\/wp-content\/uploads\/2023\/09\/Lampe-a-poser-en-gres-noir-luminaire--39x60.jpg 39w, https:\/\/katiamihaylova.fr\/wp-content\/uploads\/2023\/09\/Lampe-a-poser-en-gres-noir-luminaire--scaled.jpg 1651w\" sizes=\"auto, (max-width: 660px) 100vw, 660px\" \/><\/figure>\n\n\n\n<figure class=\"wp-block-image size-large\"><img loading=\"lazy\" decoding=\"async\" width=\"911\" height=\"1024\" data-id=\"348\" src=\"https:\/\/katiamihaylova.fr\/wp-content\/uploads\/2023\/09\/Lampes-a-poser-en-gres-noir-luminaires-certifie-CE--911x1024.jpg\" alt=\"\" class=\"wp-image-348\" srcset=\"https:\/\/katiamihaylova.fr\/wp-content\/uploads\/2023\/09\/Lampes-a-poser-en-gres-noir-luminaires-certifie-CE--911x1024.jpg 911w, https:\/\/katiamihaylova.fr\/wp-content\/uploads\/2023\/09\/Lampes-a-poser-en-gres-noir-luminaires-certifie-CE--267x300.jpg 267w, https:\/\/katiamihaylova.fr\/wp-content\/uploads\/2023\/09\/Lampes-a-poser-en-gres-noir-luminaires-certifie-CE--768x864.jpg 768w, https:\/\/katiamihaylova.fr\/wp-content\/uploads\/2023\/09\/Lampes-a-poser-en-gres-noir-luminaires-certifie-CE--1366x1536.jpg 1366w, https:\/\/katiamihaylova.fr\/wp-content\/uploads\/2023\/09\/Lampes-a-poser-en-gres-noir-luminaires-certifie-CE--1821x2048.jpg 1821w, https:\/\/katiamihaylova.fr\/wp-content\/uploads\/2023\/09\/Lampes-a-poser-en-gres-noir-luminaires-certifie-CE--53x60.jpg 53w\" sizes=\"auto, (max-width: 911px) 100vw, 911px\" \/><\/figure>\n<\/figure>\n\n\n\n<figure class=\"wp-block-image size-large\"><img loading=\"lazy\" decoding=\"async\" width=\"793\" height=\"1024\" src=\"http:\/\/katiamihaylova.fr\/wp-content\/uploads\/2023\/09\/lampe-a-poser-lampe-de-bureau-certifie-Ce-ambiance-en-terre-gres-noir--793x1024.jpg\" alt=\"\" class=\"wp-image-352\" srcset=\"https:\/\/katiamihaylova.fr\/wp-content\/uploads\/2023\/09\/lampe-a-poser-lampe-de-bureau-certifie-Ce-ambiance-en-terre-gres-noir--793x1024.jpg 793w, https:\/\/katiamihaylova.fr\/wp-content\/uploads\/2023\/09\/lampe-a-poser-lampe-de-bureau-certifie-Ce-ambiance-en-terre-gres-noir--232x300.jpg 232w, https:\/\/katiamihaylova.fr\/wp-content\/uploads\/2023\/09\/lampe-a-poser-lampe-de-bureau-certifie-Ce-ambiance-en-terre-gres-noir--768x991.jpg 768w, https:\/\/katiamihaylova.fr\/wp-content\/uploads\/2023\/09\/lampe-a-poser-lampe-de-bureau-certifie-Ce-ambiance-en-terre-gres-noir--1190x1536.jpg 1190w, https:\/\/katiamihaylova.fr\/wp-content\/uploads\/2023\/09\/lampe-a-poser-lampe-de-bureau-certifie-Ce-ambiance-en-terre-gres-noir--1587x2048.jpg 1587w, https:\/\/katiamihaylova.fr\/wp-content\/uploads\/2023\/09\/lampe-a-poser-lampe-de-bureau-certifie-Ce-ambiance-en-terre-gres-noir--46x60.jpg 46w, https:\/\/katiamihaylova.fr\/wp-content\/uploads\/2023\/09\/lampe-a-poser-lampe-de-bureau-certifie-Ce-ambiance-en-terre-gres-noir--scaled.jpg 1984w\" sizes=\"auto, (max-width: 793px) 100vw, 793px\" \/><\/figure>\n\n\n\n<p>Certifi\u00e9 CE<\/p>\n","protected":false},"excerpt":{"rendered":"<p>Certifi\u00e9 CE<\/p>\n","protected":false},"author":1,"featured_media":0,"parent":0,"menu_order":0,"comment_status":"closed","ping_status":"closed","template":"","meta":{"footnotes":""},"class_list":["post-1032","page","type-page","status-publish","hentry"],"_links":{"self":[{"href":"https:\/\/katiamihaylova.fr\/index.php\/wp-json\/wp\/v2\/pages\/1032","targetHints":{"allow":["GET"]}}],"collection":[{"href":"https:\/\/katiamihaylova.fr\/index.php\/wp-json\/wp\/v2\/pages"}],"about":[{"href":"https:\/\/katiamihaylova.fr\/index.php\/wp-json\/wp\/v2\/types\/page"}],"author":[{"embeddable":true,"href":"https:\/\/katiamihaylova.fr\/index.php\/wp-json\/wp\/v2\/users\/1"}],"replies":[{"embeddable":true,"href":"https:\/\/katiamihaylova.fr\/index.php\/wp-json\/wp\/v2\/comments?post=1032"}],"version-history":[{"count":6,"href":"https:\/\/katiamihaylova.fr\/index.php\/wp-json\/wp\/v2\/pages\/1032\/revisions"}],"predecessor-version":[{"id":1184,"href":"https:\/\/katiamihaylova.fr\/index.php\/wp-json\/wp\/v2\/pages\/1032\/revisions\/1184"}],"wp:attachment":[{"href":"https:\/\/katiamihaylova.fr\/index.php\/wp-json\/wp\/v2\/media?parent=1032"}],"curies":[{"name":"wp","href":"https:\/\/api.w.org\/{rel}","templated":true}]}}